{"id":3,"date":"2022-07-12T23:05:18","date_gmt":"2022-07-12T21:05:18","guid":{"rendered":"https:\/\/store.monocles.eu\/?page_id=3"},"modified":"2022-07-17T10:29:16","modified_gmt":"2022-07-17T08:29:16","slug":"datenschutzerklaerung","status":"publish","type":"page","link":"https:\/\/store.monocles.eu\/de\/datenschutzerklaerung\/","title":{"rendered":"Datenschutz"},"content":{"rendered":"<h2 class=\"wp-block-heading\">Wer wir sind<\/h2>\n\n\n\n<p>Die Adresse unserer Website ist https:\/\/store.monocles.eu .<\/p>\n\n\n\n<h2 class=\"wp-block-heading\">Kommentare<\/h2>\n\n\n\n<p>Wenn Besucher Kommentare auf der Website schreiben, erfassen wir die im Kommentarformular angezeigten Daten, sowie die IP-Adresse des Besuchers und die Nutzer-Agenten-String (so dass der Browser identifiziert wird), um die Erkennung von Spam zu unterst\u00fctzen.<\/p>\n\n\n\n<p>Aus Ihrer E-Mail-Adresse kann ein anonymisierter String (auch Hash genannt) erstellt und an den Gravatar-Service \u00fcbermittelt werden, um zu \u00fcberpr\u00fcfen, ob Sie ihn verwenden. die Datenschutzerkl\u00e4rung des Service Gravatar finden Sie hier: https:\/\/automattic.com\/privacy Nachdem Ihr Kommentar ver\u00f6ffentlicht wurde, ist Ihr Profilbild im Kontext Ihres Kommentars \u00f6ffentlich sichtbar.<\/p>\n\n\n\n<h2 class=\"wp-block-heading\">Medien<\/h2>\n\n\n\n<p>Wenn Sie ein registrierter Benutzer sind und Fotos auf diese Website hochladen, sollten Sie vermeiden, Fotos mit einem EXIF GPS-Standort hochzuladen. Besucher dieser Website k\u00f6nnen Fotos herunterladen, die auf dieser Website gespeichert ihre Standortinformationen entnehmen.<\/p>\n\n\n\n<h2 class=\"wp-block-heading\">Cookies<\/h2>\n\n\n\n<p>Wenn Sie einen Kommentar auf unserer Website schreiben, kann dies eine Einwilligung sein, Ihren Namen, Ihre E-Mail-Adresse und Ihre Website in Cookies zu speichern. Dies ist eine Komfortfunktion, so dass Sie nicht alle neu eingeben m\u00fcssen, wenn Sie einen anderen Kommentar schreiben. Diese Cookies werden f\u00fcr ein Jahr gespeichert.<\/p>\n\n\n\n<p>Wenn Sie ein Konto haben und sich auf dieser Website anmelden, setzen wir ein tempor\u00e4res Cookie, um festzustellen, ob Ihr Browser Cookies akzeptiert. Dieses Cookie enth\u00e4lt keine personenbezogenen Daten und wird beim Schlie\u00dfen Ihres Browsers verworfen.<\/p>\n\n\n\n<p>Wenn Sie sich anmelden, werden wir Cookies einrichten, um Ihre Anmeldeinformationen und Anzeigeoptionen zu speichern. Das Einloggen von Cookies l\u00e4uft nach zwei Tagen ab und Cookies f\u00fcr die Anzeigeoptionen nach einem Jahr. Wenn Sie sich entscheiden, eingeloggt zu bleiben, wird Ihr Login zwei Wochen lang gepflegt. mit dem Abmelden von Ihrem Konto werden die Login-Cookies gel\u00f6scht.<\/p>\n\n\n\n<p>Wenn Sie einen Artikel bearbeiten oder ver\u00f6ffentlichen, wird ein zus\u00e4tzliches Cookie in Ihrem Browser gespeichert. Dieses Cookie enth\u00e4lt keine personenbezogenen Daten und bezieht sich nur auf die Post-ID des Artikels, den Sie gerade bearbeitet haben. das Cookie l\u00e4uft nach einem Tag ab.<\/p>\n\n\n\n<h2 class=\"wp-block-heading\">Eingebettete Inhalte von anderen Websites<\/h2>\n\n\n\n<p>Beitr\u00e4ge auf dieser Website k\u00f6nnen eingebettete Inhalte enthalten (z.B. Videos, Bilder, Beitr\u00e4ge usw.). eingebettete Inhalte von anderen Websites verhalten sich genau so, als ob der Besucher die andere Website besucht hatte.<\/p>\n\n\n\n<p>Diese Websites k\u00f6nnen Daten \u00fcber Sie sammeln, Cookies verwenden, zus\u00e4tzliche Tracking-Dienste von Dritten einbetten und Ihre Interaktion mit diesen eingebetteten Inhalten, einschlie\u00dflich Ihrer Interaktion mit den eingebetteten Inhalten, aufzeichnen, wenn Sie ein Konto haben und in diese Website eingeloggt sind.<\/p>\n\n\n\n<h2 class=\"wp-block-heading\">Mit wem wir Ihre Daten teilen<\/h2>\n\n\n\n<p>Wenn Sie ein Zur\u00fccksetzen des Passworts anfordern, wird Ihre IP-Adresse in der E-Mail zum Zur\u00fccksetzen enthalten.<\/p>\n\n\n\n<h2 class=\"wp-block-heading\">Wie lange wir Ihre Daten speichern<\/h2>\n\n\n\n<p>Wenn Sie einen Kommentar schreiben, wird er ohne Zeit gespeichert, einschlie\u00dflich Metadaten. auf diese Art, k\u00f6nnen wir automatisch erkennen und ver\u00f6ffentlichen Kommentare anstatt sie in einem Moderation warten.<\/p>\n\n\n\n<p>F\u00fcr Nutzer, die sich auf unserer Website registrieren, speichern wir zus\u00e4tzlich die personenbezogenen Daten, die sie in ihren Nutzerprofilen bereitstellen. alle Benutzer k\u00f6nnen ihre pers\u00f6nlichen Daten jederzeit anzeigen, \u00e4ndern oder l\u00f6schen (der Benutzername kann nicht ge\u00e4ndert werden). Administratoren der Website k\u00f6nnen diese Informationen auch anzeigen und \u00e4ndern.<\/p>\n\n\n\n<h2 class=\"wp-block-heading\">Welches Recht Sie auf Ihre Daten haben<\/h2>\n\n\n\n<p>Wenn Sie ein Konto auf dieser Website haben oder Kommentare geschrieben haben, k\u00f6nnen Sie einen Export Ihrer personenbezogenen Daten bei uns verlangen, einschlie\u00dflich aller Daten, die Sie uns mitgeteilt haben. Dar\u00fcber hinaus k\u00f6nnen Sie die L\u00f6schung aller von Ihnen gespeicherten personenbezogenen Daten verlangen. Dies umfasst nicht die Daten, die wir aufgrund administrativer, rechtlicher oder sicherheitsrelevanter Bed\u00fcrfnisse speichern m\u00fcssen.<\/p>\n\n\n\n<h2 class=\"wp-block-heading\">Wohin Ihre Daten gesendet werden<\/h2>\n\n\n\n<p>Die Kommentare der Besucher konnten durch einen automatisierten Spam-Erkennungsservice gepr\u00fcft werden.<\/p>","protected":false},"excerpt":{"rendered":"<p>Who we are The address of our website is: https:\/\/store.monocles.eu. Comments If visitors write comments on the website, we collect the data displayed in the comment form, as well as the IP address of the visitor and the user agent string (so that the browser is identified) to support the detection of spam. from your [&hellip;]<\/p>\n","protected":false},"author":1,"featured_media":0,"parent":0,"menu_order":0,"comment_status":"closed","ping_status":"open","template":"","meta":{"footnotes":""},"class_list":["post-3","page","type-page","status-publish","hentry"],"jetpack_sharing_enabled":true,"_links":{"self":[{"href":"https:\/\/store.monocles.eu\/de\/wp-json\/wp\/v2\/pages\/3","targetHints":{"allow":["GET"]}}],"collection":[{"href":"https:\/\/store.monocles.eu\/de\/wp-json\/wp\/v2\/pages"}],"about":[{"href":"https:\/\/store.monocles.eu\/de\/wp-json\/wp\/v2\/types\/page"}],"author":[{"embeddable":true,"href":"https:\/\/store.monocles.eu\/de\/wp-json\/wp\/v2\/users\/1"}],"replies":[{"embeddable":true,"href":"https:\/\/store.monocles.eu\/de\/wp-json\/wp\/v2\/comments?post=3"}],"version-history":[{"count":0,"href":"https:\/\/store.monocles.eu\/de\/wp-json\/wp\/v2\/pages\/3\/revisions"}],"wp:attachment":[{"href":"https:\/\/store.monocles.eu\/de\/wp-json\/wp\/v2\/media?parent=3"}],"curies":[{"name":"wp","href":"https:\/\/api.w.org\/{rel}","templated":true}]}}