{"id":1125,"date":"2024-12-02T17:31:33","date_gmt":"2024-12-02T16:31:33","guid":{"rendered":"https:\/\/store.monocles.eu\/?post_type=product&#038;p=1125"},"modified":"2024-12-02T18:23:18","modified_gmt":"2024-12-02T17:23:18","slug":"moculaos-installation-service","status":"publish","type":"product","link":"https:\/\/store.monocles.eu\/de\/produkt\/moculaos-installation-service\/","title":{"rendered":"moculaOS installation service"},"content":{"rendered":"<h3>moculaOS installation service<\/h3>\n<p>If you prefer a secure device with the monocles apps and a f-droid store pre-installed for a more convenient experience you can send us your <b>Google Pixel 6<\/b> or <b>Google Pixel 6a<\/b> phones and we will flash and verify moculaOS on it. Just send us your devices by insured shipping after you purchased the service and we will handle the rest.<\/p>\n<p>Afterwards your devices will be delivered in an environment friendly sealed box to convince yourself that no one else has unpacked your devices. Additionally you will get a monocles sticker which you can place on your devices or anywhere else!<\/p>\n<h3>About<\/h3>\n<p>The real secure android phone!<\/p>\n<p>Mit unserem geh\u00e4rteten Betriebssystem und mit dem Titan M2 Sicherheitschip erhalten Sie volle Kontrolle \u00fcber Ihre Daten.<\/p>\n<p>Das monocles phone ist ein guter Kompromiss zwischen h\u00f6chster Sicherheit und Nutzerfreundlichkeit.<\/p>\n<p>Vorinstalliert mit den datenschutzfreundlichen monocles Apps k\u00f6nnen Sie sich direkt in Ihr sicheres monocles-Konto oder bei einem anderen Dienstleister Ihrer Wahl anmelden.<\/p>\n<p>&nbsp;<\/p>\n<h3>Datensicherheit:<\/h3>\n<p>moculaOS enth\u00e4lt auch Datenschutzerweiterungen von GrapheneOS auf verschiedenen Ebenen des Betriebssystems und in den mitgelieferten Anwendungen:<\/p>\n<ul>\n<li>Der Zugriff auf die Zwischenablage f\u00fcr Anwendungen im Hintergrund ist standardm\u00e4\u00dfig deaktiviert<\/li>\n<li>Netzwerkzugriff (einschlie\u00dflich Wi-Fi und GSM) kann aus einzelnen Anwendungen entfernt werden<\/li>\n<li>Zugriff auf die Sensoren der Vorrichtung kann aus Anwendungen entfernt werden<\/li>\n<li>Kamerazugriff ist f\u00fcr Anwendungen im Hintergrund nicht m\u00f6glich und wird angezeigt, wenn die Kamera verwendet wird<\/li>\n<li>Die Standardeinstellungen sind bereits f\u00fcr den Datenschutz und die Sicherheit optimiert<\/li>\n<li>Vanadium: geh\u00e4rtetes Webview und ein auf Chrome basierter Browser oder der sichere monocles Browser<\/li>\n<li>Verschl\u00fcsselte Backups durch die Integration der Seedvault App mit Unterst\u00fctzung f\u00fcr lokale Backups und alle Cloud-Speicheranbieter mit einer Cloud-Provider-App<\/li>\n<li>Das Update-Protokoll sendet keine identifizierbaren Informationen an den Update-Server und arbeitet gut \u00fcber ein VPN oder mit TOR<\/li>\n<\/ul>\n<p>&nbsp;<\/p>\n<h3>Frei von Google Apps, Services und Google Verbindungen:<\/h3>\n<p>Obwohl die monocles Smartphones auf Google Pixel-Smartphones basieren, sind sie v\u00f6llig frei von Google-Apps und -Diensten<br \/>\nDennoch k\u00f6nnen Google Play-Dienste installiert werden, wenn sie wirklich ben\u00f6tigt werden als voll sandboxed Apps ohne besondere Privilegien.<\/p>\n<p>&nbsp;<\/p>\n<h3>Leichter und sauberer:<\/h3>\n<ul>\n<li>Absolut kein Tracking, keine Werbung und keine \u00dcberwachung<\/li>\n<li>Keine Google Apps oder Datenverbindungen<\/li>\n<li>Keine \"Bloatware\"<\/li>\n<\/ul>\n<p>&nbsp;<\/p>\n<h3>Unterst\u00fctzte Banking Apps:<span id=\"Unterst\u00fctzte_Banking-Apps\" class=\"mw-headline\"><\/span><\/h3>\n<ul>\n<li>mBank (GLS Bank)<\/li>\n<li>DKB-Banking inkl. DKB-TAN2go (DKB Bank)<\/li>\n<li>comdirect mobile App inkl. comdirect photoTAN App (Comdirect Bank)<\/li>\n<li>MyBanking Classic (PSD Banken, Triodos Bank, BBB Bank und weitere)<\/li>\n<li>ING Banking to go (ING Bank)<\/li>\n<li>Sparkasse Ihre mobile Filiale, S-pushTAN (Sparkasse)<\/li>\n<li>Tomorrow Mobile Banking (Tomorrow Bank)<\/li>\n<li>Consorsbank (Consorsbank)<\/li>\n<\/ul>\n<p>&nbsp;<\/p>\n<h3>Warum moculaOS?<\/h3>\n<p>moculaOS is based on GrapheneOS which is an hardened Android with many security and privacy improvements and can be seen as it\u2019s own operating system. Additionally GrapheneOS and moculaOS are often giving faster security updates. Compared to that other Android distributions such as \/e\/, CalyxOS or LineageOS are only based on standard Android.<\/p>\n<p>Unser Fork von GrapheneOS bietet die beste L\u00f6sung f\u00fcr h\u00f6chste Sicherheit und eine gute Nutzerfreundlichkeit und Kompatibilit\u00e4t.<\/p>","protected":false},"excerpt":{"rendered":"<p>moculaOS installation and verification service<\/p>","protected":false},"featured_media":1134,"template":"","meta":[],"product_brand":[],"product_cat":[30],"product_tag":[],"class_list":{"0":"post-1125","1":"product","2":"type-product","3":"status-publish","4":"has-post-thumbnail","6":"product_cat-monocles-services","8":"first","9":"instock","10":"taxable","11":"shipping-taxable","12":"purchasable","13":"product-type-simple"},"jetpack_sharing_enabled":true,"_links":{"self":[{"href":"https:\/\/store.monocles.eu\/de\/wp-json\/wp\/v2\/product\/1125","targetHints":{"allow":["GET"]}}],"collection":[{"href":"https:\/\/store.monocles.eu\/de\/wp-json\/wp\/v2\/product"}],"about":[{"href":"https:\/\/store.monocles.eu\/de\/wp-json\/wp\/v2\/types\/product"}],"wp:featuredmedia":[{"embeddable":true,"href":"https:\/\/store.monocles.eu\/de\/wp-json\/wp\/v2\/media\/1134"}],"wp:attachment":[{"href":"https:\/\/store.monocles.eu\/de\/wp-json\/wp\/v2\/media?parent=1125"}],"wp:term":[{"taxonomy":"product_brand","embeddable":true,"href":"https:\/\/store.monocles.eu\/de\/wp-json\/wp\/v2\/product_brand?post=1125"},{"taxonomy":"product_cat","embeddable":true,"href":"https:\/\/store.monocles.eu\/de\/wp-json\/wp\/v2\/product_cat?post=1125"},{"taxonomy":"product_tag","embeddable":true,"href":"https:\/\/store.monocles.eu\/de\/wp-json\/wp\/v2\/product_tag?post=1125"}],"curies":[{"name":"wp","href":"https:\/\/api.w.org\/{rel}","templated":true}]}}