{"id":752,"date":"2022-07-18T21:50:56","date_gmt":"2022-07-18T19:50:56","guid":{"rendered":"https:\/\/store.monocles.eu\/?post_type=product&#038;p=752"},"modified":"2023-12-05T17:18:49","modified_gmt":"2023-12-05T16:18:49","slug":"monocles-starter-account","status":"publish","type":"product","link":"https:\/\/store.monocles.eu\/de\/produkt\/monocles-starter-account\/","title":{"rendered":"monocles starter Konto"},"content":{"rendered":"<p>Das monocles starter Konto enth\u00e4lt:<\/p>\n<div class=\"item-icon mr-3\"><a href=\"https:\/\/interact.monocles.de\/\"><img loading=\"lazy\" decoding=\"async\" class=\"\" src=\"https:\/\/monocles.de\/more\/assets\/images\/monocleslogo_chat-signet.svg\" alt=\"chat-logo\" width=\"67\" height=\"67\" \/><\/a><\/div>\n<div class=\"media-body\">\n<h4 class=\"item-title\">Chat<\/h4>\n<div class=\"item-desc\">Ein monocles chat Konto mit tempor\u00e4ren offline Speicher f\u00fcr 2 Monate und Zugang zu einem Weltweiten Netzwerk. Nutzbar mit unser Android App, im Browser \u00fcber monocles<a href=\"https:\/\/interact.monocles.de\/\"> interact<\/a> or with many other xmpp clients on many platforms. You can even make encrypted audio or video calls!<\/div>\n<\/div>\n<div><\/div>\n<div><\/div>\n<div>\n<div class=\"item-icon mr-3\"><a href=\"https:\/\/mail.monocles.de\/\"><img loading=\"lazy\" decoding=\"async\" class=\"\" src=\"https:\/\/monocles.de\/more\/assets\/images\/mail-logo.svg\" alt=\"mail-logo\" width=\"62\" height=\"62\" \/><\/a><\/div>\n<\/div>\n<div>\n<div class=\"media-body\">\n<h4 class=\"item-title\">E-Mail<\/h4>\n<div class=\"item-desc\">Ein E-Mail Konto mit 1 GB Speicher und einen Webclienten, um auch schnellen Zugang \u00fcber den Browser zu haben.\nUnd selbstverst\u00e4ndlich k\u00f6nnen PGP Schl\u00fcssel generiert oder eigene benutzt werden!<br \/>\nFor sure you can generate pgp keys or use your own keys!<\/div>\n<\/div>\n<\/div>\n<div><\/div>\n<p>Sie k\u00f6nnen auch Ihre Kontakte und Kalander auf allen Ger\u00e4ten synchronisieren<\/p>","protected":false},"excerpt":{"rendered":"<p>The monocles starter account includes: Chat A monocles chat account with temporary storage for 2 month and access to a worldwide network. Accessible through our android app, through monocles interact or with many other xmpp clients on many platforms. You can even make encrypted audio or video calls! E-Mail A monocles e-mail account with 1 [&hellip;]<\/p>\n","protected":false},"featured_media":1065,"template":"","meta":[],"product_brand":[],"product_cat":[30],"product_tag":[44,46,48],"class_list":{"0":"post-752","1":"product","2":"type-product","3":"status-publish","4":"has-post-thumbnail","6":"product_cat-monocles-services","7":"product_tag-chat","8":"product_tag-mail","9":"product_tag-social","11":"first","12":"instock","13":"taxable","14":"shipping-taxable","15":"product-type-external"},"jetpack_sharing_enabled":true,"_links":{"self":[{"href":"https:\/\/store.monocles.eu\/de\/wp-json\/wp\/v2\/product\/752","targetHints":{"allow":["GET"]}}],"collection":[{"href":"https:\/\/store.monocles.eu\/de\/wp-json\/wp\/v2\/product"}],"about":[{"href":"https:\/\/store.monocles.eu\/de\/wp-json\/wp\/v2\/types\/product"}],"wp:featuredmedia":[{"embeddable":true,"href":"https:\/\/store.monocles.eu\/de\/wp-json\/wp\/v2\/media\/1065"}],"wp:attachment":[{"href":"https:\/\/store.monocles.eu\/de\/wp-json\/wp\/v2\/media?parent=752"}],"wp:term":[{"taxonomy":"product_brand","embeddable":true,"href":"https:\/\/store.monocles.eu\/de\/wp-json\/wp\/v2\/product_brand?post=752"},{"taxonomy":"product_cat","embeddable":true,"href":"https:\/\/store.monocles.eu\/de\/wp-json\/wp\/v2\/product_cat?post=752"},{"taxonomy":"product_tag","embeddable":true,"href":"https:\/\/store.monocles.eu\/de\/wp-json\/wp\/v2\/product_tag?post=752"}],"curies":[{"name":"wp","href":"https:\/\/api.w.org\/{rel}","templated":true}]}}