{"id":753,"date":"2022-07-18T21:57:55","date_gmt":"2022-07-18T19:57:55","guid":{"rendered":"https:\/\/store.monocles.eu\/?post_type=product&#038;p=753"},"modified":"2023-12-05T17:18:24","modified_gmt":"2023-12-05T16:18:24","slug":"monocles-full-account","status":"publish","type":"product","link":"https:\/\/store.monocles.eu\/de\/produkt\/monocles-full-account\/","title":{"rendered":"monocles full Konto"},"content":{"rendered":"<div class=\"item-icon mr-3\"><a href=\"https:\/\/ocean.monocles.de\/\"><img loading=\"lazy\" decoding=\"async\" class=\"alignleft\" src=\"https:\/\/monocles.de\/more\/assets\/images\/ocean-logo.svg\" alt=\"ocean-logo\" width=\"73\" height=\"73\" \/><\/a><\/div>\n<div class=\"media-body\">\n<h4 class=\"item-title\">Cloud<\/h4>\n<div class=\"item-desc\">Zugang zu monocles ocean mit einer gro\u00dfen Menge an weiteren Funktionen und mit mindestens 4 GB Speicherplatz f\u00fcr deine Dokumente und anderen Dateien. Mehr Speicher ist optional verf\u00fcgbar!<\/div>\n<\/div>\n<div><\/div>\n<div><\/div>\n<div>\n<div class=\"media-body\">\n<div class=\"item-icon mr-3\"><a href=\"https:\/\/mail.monocles.de\/\"><img loading=\"lazy\" decoding=\"async\" class=\"alignleft\" src=\"https:\/\/monocles.de\/more\/assets\/images\/mail-logo.svg\" alt=\"mail-logo\" width=\"73\" height=\"73\" \/><\/a><\/div>\n<div class=\"media-body\">\n<h4 class=\"item-title\">E-Mail<\/h4>\n<\/div>\n<div class=\"item-desc\">Ein E-Mail Konto mit 1 GB Speicher und einen Webclienten, um auch schnellen Zugang \u00fcber den Browser zu haben.\nUnd selbstverst\u00e4ndlich k\u00f6nnen PGP Schl\u00fcssel generiert oder eigene benutzt werden!<br \/>\nFor sure you can generate pgp keys or use your own keys!<\/div>\n<\/div>\n<\/div>\n<div><\/div>\n<div><\/div>\n<div>\n<div class=\"item-icon mr-3\"><a href=\"https:\/\/interact.monocles.de\/\"><img loading=\"lazy\" decoding=\"async\" class=\"\" src=\"https:\/\/monocles.de\/more\/assets\/images\/monocleslogo_chat-signet.svg\" alt=\"chat-logo\" width=\"81\" height=\"81\" \/><\/a><\/div>\n<div class=\"media-body\">\n<h4 class=\"item-title\">Chat<\/h4>\n<div class=\"item-desc\">Ein monocles chat Konto mit tempor\u00e4ren offline Speicher f\u00fcr 2 Monate und Zugang zu einem Weltweiten Netzwerk. Nutzbar mit unser Android App, im Browser \u00fcber monocles<a href=\"https:\/\/interact.monocles.de\/\"> interact<\/a> oder vielen anderen XMPP Chat Anwendungen auf vielen weiteren Plattformen.<\/div>\n<\/div>\n<\/div>\n<div><\/div>\n<div><\/div>\n<div>\n<div class=\"item-icon mr-3\"><a href=\"https:\/\/ocean.monocles.de\/apps\/spreed\/\"><img loading=\"lazy\" decoding=\"async\" class=\"\" src=\"https:\/\/monocles.de\/more\/assets\/images\/confer-logo.svg\" alt=\"confer-logo\" width=\"74\" height=\"74\" \/><\/a><\/div>\n<div class=\"media-body\">\n<h4 class=\"item-title\">Video Konferenz<\/h4>\n<div class=\"item-desc\">Mit Deinem full monocles Konto kannst du sichere Konferenzen direkt im Browser \u00fcber monocles ocean oder auch per Android App (nextcloud Talk) machen. Sogar \u00f6ffentlich per Linkerstellung.<\/div>\n<div><\/div>\n<\/div>\n<\/div>\n<div><\/div>\n<div>\n<div class=\"item-icon mr-3\"><a href=\"https:\/\/monocles.social\"><img loading=\"lazy\" decoding=\"async\" class=\"\" src=\"https:\/\/monocles.de\/more\/assets\/images\/social_graphic.svg\" alt=\"social-logo\" width=\"67\" height=\"67\" \/><\/a><\/div>\n<\/div>\n<div>\n<div class=\"media-body\">\n<h4 class=\"item-title\">Soziales Netzwerk<\/h4>\n<div class=\"item-desc\">Zugang zu einem privatsph\u00e4re freundlichen und fairen sozialen Netzwerk mit Millionen von Nutzern \u00fcber die Plattform Mastodon. Registriere die einfach mit deiner monocles E-Mailadresse.<\/div>\n<\/div>\n<\/div>","protected":false},"excerpt":{"rendered":"<p>Cloud Access to monocles ocean with plenty of additional functions and with at least 4 GB of storage for your documents and data. Optionally, more storage can be available. E-Mail A monocles e-mail account with 1 GB storage and a webclient to use it everywhere. For sure you can generate pgp keys or use your [&hellip;]<\/p>\n","protected":false},"featured_media":1064,"template":"","meta":[],"product_brand":[],"product_cat":[30],"product_tag":[44,45,47,46,48],"class_list":{"0":"post-753","1":"product","2":"type-product","3":"status-publish","4":"has-post-thumbnail","6":"product_cat-monocles-services","7":"product_tag-chat","8":"product_tag-cloud","9":"product_tag-conference","10":"product_tag-mail","11":"product_tag-social","13":"first","14":"instock","15":"taxable","16":"shipping-taxable","17":"product-type-external"},"jetpack_sharing_enabled":true,"_links":{"self":[{"href":"https:\/\/store.monocles.eu\/de\/wp-json\/wp\/v2\/product\/753","targetHints":{"allow":["GET"]}}],"collection":[{"href":"https:\/\/store.monocles.eu\/de\/wp-json\/wp\/v2\/product"}],"about":[{"href":"https:\/\/store.monocles.eu\/de\/wp-json\/wp\/v2\/types\/product"}],"wp:featuredmedia":[{"embeddable":true,"href":"https:\/\/store.monocles.eu\/de\/wp-json\/wp\/v2\/media\/1064"}],"wp:attachment":[{"href":"https:\/\/store.monocles.eu\/de\/wp-json\/wp\/v2\/media?parent=753"}],"wp:term":[{"taxonomy":"product_brand","embeddable":true,"href":"https:\/\/store.monocles.eu\/de\/wp-json\/wp\/v2\/product_brand?post=753"},{"taxonomy":"product_cat","embeddable":true,"href":"https:\/\/store.monocles.eu\/de\/wp-json\/wp\/v2\/product_cat?post=753"},{"taxonomy":"product_tag","embeddable":true,"href":"https:\/\/store.monocles.eu\/de\/wp-json\/wp\/v2\/product_tag?post=753"}],"curies":[{"name":"wp","href":"https:\/\/api.w.org\/{rel}","templated":true}]}}